{"id":31,"date":"2025-03-28T13:44:20","date_gmt":"2025-03-28T13:44:20","guid":{"rendered":"https:\/\/souveraineterdc.org\/?page_id=31"},"modified":"2025-04-02T07:30:25","modified_gmt":"2025-04-02T07:30:25","slug":"https-souveraineterdc-org-plaidoyers-icea","status":"publish","type":"page","link":"https:\/\/souveraineterdc.org\/?page_id=31","title":{"rendered":"ICEA"},"content":{"rendered":"\n<p>L\u2019Institut Congolais d\u2019Etudes Avanc\u00e9es, ICEA en sigle est un Institut priv\u00e9, agr\u00e9\u00e9 par le Minist\u00e8re de la Recherche Scientifique et Innovation Technologique, ayant pour objectif l\u2019\u00e9laboration, le soutien et la promotion des recherches originales et innovantes sur le Congo dans la perspective de la Renaissance africaine.<\/p>\n\n\n<div class=\"wp-block-image\">\n<figure class=\"aligncenter size-full is-resized\"><img loading=\"lazy\" decoding=\"async\" width=\"552\" height=\"552\" src=\"https:\/\/souveraineterdc.org\/wp-content\/uploads\/2025\/04\/467400521_122118012788560066_7722269562998107835_n.jpg\" alt=\"\" class=\"wp-image-191\" style=\"width:246px;height:auto\" srcset=\"https:\/\/souveraineterdc.org\/wp-content\/uploads\/2025\/04\/467400521_122118012788560066_7722269562998107835_n.jpg 552w, https:\/\/souveraineterdc.org\/wp-content\/uploads\/2025\/04\/467400521_122118012788560066_7722269562998107835_n-300x300.jpg 300w, https:\/\/souveraineterdc.org\/wp-content\/uploads\/2025\/04\/467400521_122118012788560066_7722269562998107835_n-150x150.jpg 150w\" sizes=\"auto, (max-width: 552px) 100vw, 552px\" \/><\/figure>\n<\/div>\n\n\n<p>L\u2019ICEA est ouvert \u00e0 des partenariats avec des institutions nationales et internationales poursuivant des objectifs similaires.<\/p>\n\n\n\n<p>L\u2019adh\u00e9sion \u00e0 l\u2019ICEA est ouverte aux candidats qui en font la demande ; elle concerne des <strong>Universitaires et Experts capables de r\u00e9flexions originales et innovantes sur le devenir du Congo<\/strong>.<\/p>\n\n\n\n<p>L\u2019ICEA regroupe des membres d\u2019honneur, des membres effectifs et des membres associ\u00e9s. La qualit\u00e9 de membre du Conseil scientifique est reconnue au chercheur chevronn\u00e9 participant \u00e0 <\/p>\n","protected":false},"excerpt":{"rendered":"<p>L\u2019Institut Congolais d\u2019Etudes Avanc\u00e9es, ICEA en sigle est un Institut priv\u00e9, agr\u00e9\u00e9 par le Minist\u00e8re de la Recherche Scientifique et Innovation Technologique, ayant pour objectif l\u2019\u00e9laboration, le soutien et la promotion des recherches originales et innovantes sur le Congo dans &hellip; <a href=\"https:\/\/souveraineterdc.org\/?page_id=31\">Continuer la lecture <span class=\"meta-nav\">&rarr;<\/span><\/a><\/p>\n","protected":false},"author":2,"featured_media":0,"parent":0,"menu_order":5,"comment_status":"closed","ping_status":"closed","template":"","meta":{"footnotes":""},"class_list":["post-31","page","type-page","status-publish","hentry"],"_links":{"self":[{"href":"https:\/\/souveraineterdc.org\/index.php?rest_route=\/wp\/v2\/pages\/31","targetHints":{"allow":["GET"]}}],"collection":[{"href":"https:\/\/souveraineterdc.org\/index.php?rest_route=\/wp\/v2\/pages"}],"about":[{"href":"https:\/\/souveraineterdc.org\/index.php?rest_route=\/wp\/v2\/types\/page"}],"author":[{"embeddable":true,"href":"https:\/\/souveraineterdc.org\/index.php?rest_route=\/wp\/v2\/users\/2"}],"replies":[{"embeddable":true,"href":"https:\/\/souveraineterdc.org\/index.php?rest_route=%2Fwp%2Fv2%2Fcomments&post=31"}],"version-history":[{"count":2,"href":"https:\/\/souveraineterdc.org\/index.php?rest_route=\/wp\/v2\/pages\/31\/revisions"}],"predecessor-version":[{"id":207,"href":"https:\/\/souveraineterdc.org\/index.php?rest_route=\/wp\/v2\/pages\/31\/revisions\/207"}],"wp:attachment":[{"href":"https:\/\/souveraineterdc.org\/index.php?rest_route=%2Fwp%2Fv2%2Fmedia&parent=31"}],"curies":[{"name":"wp","href":"https:\/\/api.w.org\/{rel}","templated":true}]}}