{"id":3,"date":"2025-03-28T13:27:27","date_gmt":"2025-03-28T13:27:27","guid":{"rendered":"http:\/\/souveraineterdc.org\/?page_id=3"},"modified":"2025-04-02T08:55:36","modified_gmt":"2025-04-02T08:55:36","slug":"rapports","status":"publish","type":"page","link":"https:\/\/souveraineterdc.org\/?page_id=3","title":{"rendered":"RAPPORTS"},"content":{"rendered":"\n<p><strong>S\u00e9minaire de formation et d\u2019information sur : \u00ab\u00a0Conflits armes, pillages des ressources naturelles et violences extr\u00eames dans l\u2019Est du Congo. Kinshasa, 16-18 octobre 2024<\/strong>\u00ab\u00a0<\/p>\n\n\n\n<p>Ce mercredi 16 octobre 2024 s\u2019est ouvert le S\u00e9minaire de formation et d\u2019information sur le th\u00e8me g\u00e9n\u00e9ral : \u00ab Conflits arm\u00e9s, pillages des ressources naturelles et violences extr\u00eames dans l\u2019Est du Congo \u00bb. Cette premi\u00e8re manifestation publique de l\u2019Institut Congolais d\u2019Etudes Avanc\u00e9es (ICEA), organis\u00e9e sous le haut patronage de Son Excellence Monsieur le Pr\u00e9sident de la R\u00e9publique F\u00e9lix-Antoine TSHISEKEDI TSHILOMBO, \u00e9tait une occasion de proc\u00e9der au questionnement et approfondissement sur l\u2019histoire politique et sociale des populations des Grands Lacs et de la partie Est du Congo ainsi que l\u2019analyse des crises qui ont \u00e9maill\u00e9 cette histoire et ses cons\u00e9quences d\u00e9sastreuses : pillages, catastrophes humanitaires, \u00e9conomiques et \u00e9cologiques qui d\u00e9chirent les provinces de l\u2019Ituri et les deux Kivu depuis trois d\u00e9cennies. <\/p>\n\n\n\n<p>Afin de mieux l\u2019appr\u00e9hender et d\u2019en examiner les contours, ce th\u00e8me g\u00e9n\u00e9ral a \u00e9t\u00e9 \u00e9clat\u00e9 en trois journ\u00e9es. <a href=\"http:\/\/souveraineterdc.org\/wp-content\/uploads\/2025\/04\/RAPPORT-SEMINAIRE-ICEA-CORRIGE.pdf\" title=\"T\u00e9l\u00e9chargez le s\u00e9minaire de formation et d'information.\">T\u00e9l\u00e9chargez le s\u00e9minaire de formation et d&rsquo;information.<\/a> <\/p>\n\n\n\n<figure class=\"wp-block-image size-full is-resized\"><a href=\"http:\/\/souveraineterdc.org\/wp-content\/uploads\/2025\/04\/RAPPORT-SEMINAIRE-ICEA-CORRIGE.pdf\"><img loading=\"lazy\" decoding=\"async\" width=\"576\" height=\"751\" src=\"https:\/\/souveraineterdc.org\/wp-content\/uploads\/2025\/04\/Capture-decran-2025-04-02-105255.png\" alt=\"\" class=\"wp-image-219\" style=\"width:510px;height:auto\" srcset=\"https:\/\/souveraineterdc.org\/wp-content\/uploads\/2025\/04\/Capture-decran-2025-04-02-105255.png 576w, https:\/\/souveraineterdc.org\/wp-content\/uploads\/2025\/04\/Capture-decran-2025-04-02-105255-230x300.png 230w\" sizes=\"auto, (max-width: 576px) 100vw, 576px\" \/><\/a><\/figure>\n","protected":false},"excerpt":{"rendered":"<p>S\u00e9minaire de formation et d\u2019information sur : \u00ab\u00a0Conflits armes, pillages des ressources naturelles et violences extr\u00eames dans l\u2019Est du Congo. Kinshasa, 16-18 octobre 2024\u00ab\u00a0 Ce mercredi 16 octobre 2024 s\u2019est ouvert le S\u00e9minaire de formation et d\u2019information sur le th\u00e8me &hellip; <a href=\"https:\/\/souveraineterdc.org\/?page_id=3\">Continuer la lecture <span class=\"meta-nav\">&rarr;<\/span><\/a><\/p>\n","protected":false},"author":2,"featured_media":0,"parent":10,"menu_order":3,"comment_status":"open","ping_status":"open","template":"","meta":{"footnotes":""},"class_list":["post-3","page","type-page","status-publish","hentry"],"_links":{"self":[{"href":"https:\/\/souveraineterdc.org\/index.php?rest_route=\/wp\/v2\/pages\/3","targetHints":{"allow":["GET"]}}],"collection":[{"href":"https:\/\/souveraineterdc.org\/index.php?rest_route=\/wp\/v2\/pages"}],"about":[{"href":"https:\/\/souveraineterdc.org\/index.php?rest_route=\/wp\/v2\/types\/page"}],"author":[{"embeddable":true,"href":"https:\/\/souveraineterdc.org\/index.php?rest_route=\/wp\/v2\/users\/2"}],"replies":[{"embeddable":true,"href":"https:\/\/souveraineterdc.org\/index.php?rest_route=%2Fwp%2Fv2%2Fcomments&post=3"}],"version-history":[{"count":3,"href":"https:\/\/souveraineterdc.org\/index.php?rest_route=\/wp\/v2\/pages\/3\/revisions"}],"predecessor-version":[{"id":220,"href":"https:\/\/souveraineterdc.org\/index.php?rest_route=\/wp\/v2\/pages\/3\/revisions\/220"}],"up":[{"embeddable":true,"href":"https:\/\/souveraineterdc.org\/index.php?rest_route=\/wp\/v2\/pages\/10"}],"wp:attachment":[{"href":"https:\/\/souveraineterdc.org\/index.php?rest_route=%2Fwp%2Fv2%2Fmedia&parent=3"}],"curies":[{"name":"wp","href":"https:\/\/api.w.org\/{rel}","templated":true}]}}