{"id":193,"date":"2025-04-01T09:26:54","date_gmt":"2025-04-01T09:26:54","guid":{"rendered":"https:\/\/souveraineterdc.org\/?page_id=193"},"modified":"2025-04-02T07:51:48","modified_gmt":"2025-04-02T07:51:48","slug":"domaines-prioritaires","status":"publish","type":"page","link":"https:\/\/souveraineterdc.org\/?page_id=193","title":{"rendered":"Domaines prioritaires"},"content":{"rendered":"\n<p><strong>\u00c9ducation et d\u00e9veloppement du capital humain<\/strong><\/p>\n\n\n\n<p>\u00c9valuation et \u00e9laboration des nouveaux syst\u00e8mes \u00e9ducatifs en vue de l\u2019\u00e9mergence d\u2019un capital humain, cr\u00e9ateur de progr\u00e8s \u00e9conomique et social. Formation, pour ce faire, d\u2019un p\u00f4le d\u2019intelligence congolais.<\/p>\n\n\n\n<p><strong>Violences et guerres de pillag<\/strong>e<\/p>\n\n\n\n<p>Accompagnement intellectuel des efforts politiques, diplomatiques et militaires pour faire taire les armes, pr\u00e9server les vies humaines et mettre un terme au pillage des ressources naturelles ; \u00e9valuation des cons\u00e9quences d\u00e9sastreuses de ces pratiques au cours des trois derni\u00e8res d\u00e9cennies.<\/p>\n\n\n\n<p><strong>\u00c9tat, am\u00e9nagement du territoire et d\u00e9veloppement<\/strong><\/p>\n\n\n\n<p>Construction de l\u2019\u00c9tat et de la citoyennet\u00e9 ; gestion des dynamiques transfrontali\u00e8res et des diversit\u00e9s r\u00e9gionales, communautaires et religieuses ; lutte contre la pr\u00e9carit\u00e9 ; instauration de l\u2019\u00c9tat de droit.<\/p>\n\n\n\n<p><strong>Arts et patrimoine, comme leviers de la soci\u00e9t\u00e9 africaine et afro-descendante<\/strong><\/p>\n\n\n\n<p>Ma\u00eetrise de l\u2019h\u00e9ritage culturel et technologique ; gestion du patrimoine mat\u00e9riel et immat\u00e9riel ; soutien, promotion et protection des cr\u00e9ativit\u00e9s contemporaines sp\u00e9cifiques ; \u00e9laboration des bases philosophiques et spirituelles d\u2019une culture panafricaine.<\/p>\n\n\n\n<p><strong>Le Congo dans la mondialisation<\/strong><\/p>\n\n\n\n<p>Rationalisation des rapports \u00e0 la mondialit\u00e9 (cultures et patrimoines, ressources naturelles et humaines) ; \u00e9preuves de nouveaux d\u00e9fis (migrations, crimes \u00e9conomiques, intelligence artificielle, libert\u00e9s morales, etc.).<\/p>\n\n\n\n<p><\/p>\n","protected":false},"excerpt":{"rendered":"<p>\u00c9ducation et d\u00e9veloppement du capital humain \u00c9valuation et \u00e9laboration des nouveaux syst\u00e8mes \u00e9ducatifs en vue de l\u2019\u00e9mergence d\u2019un capital humain, cr\u00e9ateur de progr\u00e8s \u00e9conomique et social. Formation, pour ce faire, d\u2019un p\u00f4le d\u2019intelligence congolais. Violences et guerres de pillage Accompagnement &hellip; <a href=\"https:\/\/souveraineterdc.org\/?page_id=193\">Continuer la lecture <span class=\"meta-nav\">&rarr;<\/span><\/a><\/p>\n","protected":false},"author":2,"featured_media":0,"parent":10,"menu_order":0,"comment_status":"closed","ping_status":"closed","template":"","meta":{"footnotes":""},"class_list":["post-193","page","type-page","status-publish","hentry"],"_links":{"self":[{"href":"https:\/\/souveraineterdc.org\/index.php?rest_route=\/wp\/v2\/pages\/193","targetHints":{"allow":["GET"]}}],"collection":[{"href":"https:\/\/souveraineterdc.org\/index.php?rest_route=\/wp\/v2\/pages"}],"about":[{"href":"https:\/\/souveraineterdc.org\/index.php?rest_route=\/wp\/v2\/types\/page"}],"author":[{"embeddable":true,"href":"https:\/\/souveraineterdc.org\/index.php?rest_route=\/wp\/v2\/users\/2"}],"replies":[{"embeddable":true,"href":"https:\/\/souveraineterdc.org\/index.php?rest_route=%2Fwp%2Fv2%2Fcomments&post=193"}],"version-history":[{"count":1,"href":"https:\/\/souveraineterdc.org\/index.php?rest_route=\/wp\/v2\/pages\/193\/revisions"}],"predecessor-version":[{"id":194,"href":"https:\/\/souveraineterdc.org\/index.php?rest_route=\/wp\/v2\/pages\/193\/revisions\/194"}],"up":[{"embeddable":true,"href":"https:\/\/souveraineterdc.org\/index.php?rest_route=\/wp\/v2\/pages\/10"}],"wp:attachment":[{"href":"https:\/\/souveraineterdc.org\/index.php?rest_route=%2Fwp%2Fv2%2Fmedia&parent=193"}],"curies":[{"name":"wp","href":"https:\/\/api.w.org\/{rel}","templated":true}]}}